{"id":75,"date":"2012-07-29T00:02:20","date_gmt":"2012-07-29T00:02:20","guid":{"rendered":"http:\/\/arca"},"modified":"2026-03-17T18:33:50","modified_gmt":"2026-03-17T18:33:50","slug":"arca","status":"publish","type":"page","link":"https:\/\/www.arca.art\/fr\/arca\/","title":{"rendered":"\u00e0 propos de l&#8217;ARCA"},"content":{"rendered":"<p>Organisme canadien de repr\u00e9sentation et de promotion des arts visuels, la Conf\u00e9rence des collectifs et des centres d\u2019artistes autog\u00e9r\u00e9s (CCCAA-ARCCC) r\u00e9unit les 9 associations canadiennes de centres d\u2019artistes autog\u00e9r\u00e9s, lesquelles regroupent plus de 180 centres d\u2019artistes autog\u00e9r\u00e9s et collectifs d\u2019artistes consacr\u00e9s aux arts visuels, aux m\u00e9diatiques, aux m\u00e9tiers d\u2019art et \u00e0 l\u2019architecture \u00e0 travers le Canada.<\/p>\n<hr>\n<h2><strong>ARCA?<\/strong><\/h2>\n<p>Notre nom complet est difficile \u00e0 retenir et son sigle \u2014 ARCCC-CCCAA \u2014, avec ses multiples C et A, compliqu\u00e9 \u00e0 prononcer. Nous avons donc \u00e9limin\u00e9 ces lettres r\u00e9p\u00e9t\u00e9es pour garder simplement \u00ab ARCA \u00bb. Le phylact\u00e8re illustre bien notre objectif de \u00ab donner une voix \u00bb aux centres d\u2019artistes autog\u00e9r\u00e9s et indique \u00e0 la fois comment prononcer notre nom\u2026 sans se d\u00e9faire la m\u00e2choire. Comme il s\u2019agit d\u2019un pseudonyme et non d\u2019un changement de nom l\u00e9gal, nous devrons continuer \u00e0 utiliser le nom complet et le sigle officiel lorsque ce sera n\u00e9cessaire. Nous esp\u00e9rons cependant que cette appellation plus conviviale vous aidera \u00e0 vous souvenir de nous.<\/p>\n<hr>\n<h2 id=\"tw-target-text\" class=\"tw-data-text tw-text-large tw-ta\" dir=\"ltr\" role=\"text\" data-placeholder=\"Translation\" data-ved=\"2ahUKEwiNgPL56pOTAxXQCTQIHTQkKgcQ3ewLegQIDBAV\" aria-label=\"Translated text: navigation dans les pages\"><span class=\"Y2IQFc\" lang=\"fr\">Navigation pour cette page<\/span><\/h2>\n<ol>\n<li><a href=\"#origines\">Origines<\/a><\/li>\n<li><a href=\"#mandat\">Mandat<\/a><\/li>\n<li><a href=\"#mission\">Mission<\/a><\/li>\n<li><a href=\"#personnel\">Personnel<\/a><\/li>\n<li><a href=\"#conseil\">Conseil d&#8217;administration<\/a><\/li>\n<li><a href=\"#membres\">Membres<\/a><\/li>\n<li><a href=\"#partenariats\">Partenariats<\/a><\/li>\n<\/ol>\n<hr>\n<h2 id=\"origines\"><strong>Les origines de l\u2019ARCA<\/strong><\/h2>\n<p>D\u00e8s avril 2002, lors de la conf\u00e9rence <em>Convergence<\/em> r\u00e9unissant \u00e0 Ottawa plusieurs centres d\u2019artistes, \u00e9merge l\u2019id\u00e9e d\u2019une organisation pancanadienne capable de d\u00e9fendre au niveau f\u00e9d\u00e9ral les int\u00e9r\u00eats communs des diff\u00e9rentes associations r\u00e9gionales.<\/p>\n<p>C\u2019est le 1<sup>er<\/sup>&nbsp;mars&nbsp;2004, \u00e0 la suite de la conf\u00e9rence nationale <em>InFest<\/em> \u00e0 Vancouver, que les repr\u00e9sentants des diff\u00e9rents centres d\u2019artistes canadiens d\u00e9cident de fonder <em>Artist-Run Centres and Collectives Conference\/La Conf\u00e9rence des collectifs et des centres d\u2019artistes autog\u00e9r\u00e9s<\/em> (ARCCC\/CCCAA), qui verra officiellement le jour en mai&nbsp;2005, sous le signe de l\u2019ARCA.<\/p>\n<p>Pour souligner son 15<sup>e<\/sup>&nbsp;anniversaire, l\u2019ARCA a trait\u00e9 en 2020 son fonds d\u2019archives et command\u00e9 \u00e0 l\u2019auteur Edwin Janzen ce <a href=\"http:\/\/www.arca.art\/fr\/nouvelles\/larca-a-15-ans\/\">r\u00e9sum\u00e9 <\/a>des d\u00e9lib\u00e9rations constitutives qui ont men\u00e9 \u00e0 la fondation de l\u2019organisme.<\/p>\n<hr>\n<h2 id=\"mandat\"><strong>Mandat<\/strong><\/h2>\n<p><span class=\"corrected-phrase corrected-phrase_synonyms-mode\" data-end=\"0\" data-originaltext=\"L\" data-start=\"0\" data-text=\"\"><span class=\"corrected-phrase__displayed-text corrected-phrase__displayed-text_no-correction corrected-phrase__displayed-text_synonyms-mode\">L<\/span><\/span><span class=\"corrected-phrase\" data-end=\"1\" data-originaltext=\"\u2019\" data-start=\"1\" data-text=\"\"><span class=\"corrected-phrase__displayed-text corrected-phrase__displayed-text_no-correction\">\u2019<\/span><\/span><span class=\"corrected-phrase corrected-phrase_synonyms-mode\" data-end=\"5\" data-originaltext=\"ARCA\" data-start=\"2\" data-text=\"\"><span class=\"corrected-phrase__displayed-text corrected-phrase__displayed-text_no-correction corrected-phrase__displayed-text_synonyms-mode\">ARCA<\/span><\/span> <span class=\"corrected-phrase\" data-end=\"13\" data-originaltext=\"\u00e9tablie\" data-start=\"7\" data-text=\"\u00e9tablit\"><span class=\"corrected-phrase__displayed-text corrected-phrase__displayed-text_bubbled\" data-group=\"AutoCorrected\" data-suggestions=\"1\" data-type=\"Grammar\">\u00e9tablit<\/span><\/span> <span class=\"corrected-phrase corrected-phrase_synonyms-mode\" data-end=\"17\" data-originaltext=\"des\" data-start=\"15\" data-text=\"\"><span class=\"corrected-phrase__displayed-text corrected-phrase__displayed-text_no-correction corrected-phrase__displayed-text_synonyms-mode\">des<\/span><\/span>&nbsp;<b>liens&nbsp;<\/b>entre les centres d&#8217;artistes autog\u00e9r\u00e9s, les <strong>soutient<\/strong> par l&#8217;entremise de la communication et de services de d\u00e9veloppements, et <strong>d\u00e9fend<\/strong> la culture des centres d&#8217;artistes.&nbsp;<\/p>\n<p><strong>L\u2019ARCA R\u00c9SEAUTE<\/strong><\/p>\n<ul>\n<li>Depuis 2008, l\u2019<strong>ARCA a coproduit sept conf\u00e9rences nationales <\/strong>r\u00e9unissant les acteurs de l\u2019autogestion artistique du Canada et de l\u2019\u00e9tranger, la plus r\u00e9cente \u00e9tant \u00c0 contre-courant (Ottawa, 2025).<\/li>\n<li>Par le biais de <strong><em>L\u2019arca dans la poche<\/em><\/strong>, son infolettre mensuelle, l\u2019ARCA distille et transmet des informations \u00e0 plus de 900&nbsp;abonn\u00e9s. L\u2019infolettre jouit en outre d\u2019un taux d\u2019ouverture sup\u00e9rieur \u00e0 la moyenne de l\u2019industrie.<\/li>\n<li>L\u2019ARCA produit un <strong>R\u00e9pertoire en ligne des centres d\u2019artistes autog\u00e9r\u00e9s<\/strong>, qui est consult\u00e9 plus de 1&nbsp;500&nbsp;fois par mois, et produit aussi un<strong> bottin d\u2019adresses de courriel<\/strong>, mis \u00e0 jour annuellement et envoy\u00e9 aux membres.<\/li>\n<\/ul>\n<p><strong>L\u2019ARCA SOUTIENT<\/strong><\/p>\n<ul>\n<li><strong>L\u2019ARCA aide les centres d\u2019artistes autog\u00e9r\u00e9s<\/strong> \u00e0 g\u00e9rer les changements fr\u00e9quents des politiques culturelles, des priorit\u00e9s strat\u00e9giques des bailleurs de fonds, et des crit\u00e8res de programmes de financement.<\/li>\n<li><strong>L\u2019ARCA recueille des donn\u00e9es<\/strong> pour suivre l\u2019\u00e9volution du r\u00e9seau et coordonne des campagnes de sensibilisation pour promouvoir la reconnaissance des disciplines mal servies, telles que la performance et l\u2019\u00e9dition en art.<\/li>\n<li>En&nbsp;2017, <strong>l\u2019ARCA a publi\u00e9 <em>Le Petit gris&nbsp;: guide de l\u2019\u00e9dition en art et de la distribution autog\u00e9r\u00e9e<\/em><\/strong>, une publication diffus\u00e9e d\u2019abord sous forme de campagne \u00e9lectronique, puis en version imprim\u00e9e, et portant sur le r\u00f4le de l\u2019\u00e9dition dans la culture de l\u2019autogestion ainsi que sur les d\u00e9fis propres \u00e0 la distribution.<\/li>\n<li>Au printemps&nbsp;2018, <strong>l\u2019ARCA a men\u00e9 une enqu\u00eate<\/strong> pour \u00e9valuer <strong>les conditions professionnelles des artistes de la performance au Canada<\/strong>, afin de mieux guider le bar\u00e8me des redevances du CARFAC.<\/li>\n<li>L\u2019ARCA, avec le soutien du <strong>Fonds strat\u00e9gie num\u00e9rique<\/strong>, a offert de la <strong>formation de groupe en litt\u00e9ratie num\u00e9rique<\/strong> ainsi que quelques s\u00e9ances de coaching individuel.<\/li>\n<\/ul>\n<p><strong>L\u2019ARCA REPR\u00c9SENTE<\/strong><\/p>\n<ul>\n<li>Depuis 2013, l\u2019ARCA rencontre r\u00e9guli\u00e8rement la <strong>Direction de la politique des arts du minist\u00e8re du Patrimoine canadien<\/strong> pour explorer les fa\u00e7ons dont les arts visuels et m\u00e9diatiques peuvent tirer parti des programmes qu\u2019offre celle-ci, et plaider pour de meilleures donn\u00e9es sur les conditions socio-\u00e9conomiques des artistes et des travailleurs culturels.<\/li>\n<li>L\u2019ARCA participe \u00e0 la <strong>Journ\u00e9e des arts sur la Colline<\/strong>, un lobby du secteur des arts coordonn\u00e9 par la Coalition canadienne des arts, soit l\u2019organisation \u00e0 l\u2019origine du doublement du budget du Conseil des arts du Canada. L\u2019ARCA a adapt\u00e9 la bo\u00eete \u00e0 outils de la Coalition dans l\u2019int\u00e9r\u00eat des centres d\u2019artistes autog\u00e9r\u00e9s.<\/li>\n<li>L\u2019ARCA a coordonn\u00e9 trois rencontres d\u2019une <strong>table de concertation des \u00e9diteurs en art<\/strong>, une sous-cat\u00e9gorie distincte de la production culturelle, contribuant ainsi \u00e0 la cr\u00e9ation d\u2019un profil distinct d\u2019\u00e9diteur en arts visuels dans le nouveau mod\u00e8le de financement du Conseil des arts du Canada.<\/li>\n<li>L\u2019ARCA, en partenariat avec l\u2019AAMI, <strong>d\u00e9veloppe une ressource interactive et conviviale<\/strong> pour <strong>la gestion des revenus autonomes<\/strong> afin de mieux repr\u00e9senter la valeur des \u00e9changes de service et partenariats des centres d\u2019artistes autog\u00e9r\u00e9s.<\/li>\n<\/ul>\n<hr>\n<h2 id=\"mission\"><strong>La mission de l\u2019ARCA<\/strong><\/h2>\n<p>La mission de l\u2019ARCA s\u2019articule autour des axes suivants&nbsp;:<\/p>\n<ul>\n<li>Repr\u00e9sentation et d\u00e9fense des droits et int\u00e9r\u00eats des centres canadiens d\u2019artistes autog\u00e9r\u00e9s en arts visuels aupr\u00e8s des instances gouvernementales f\u00e9d\u00e9rales et des associations artistiques nationales.<\/li>\n<li style=\"list-style-type: none\">&nbsp;<\/li>\n<li>Encouragement des \u00e9changes entre les diff\u00e9rentes associations r\u00e9gionales de centres d\u2019artistes autog\u00e9r\u00e9s et leurs membres.<\/li>\n<li>R\u00e9alisation d\u2019\u00e9tudes et constitution d\u2019une base de documents pour aider \u00e0 la d\u00e9finition et au traitement des principaux enjeux touchant les centres d\u2019artistes autog\u00e9r\u00e9s en arts visuels.<\/li>\n<li>Promotion de l\u2019importance du travail des centres d\u2019artistes autog\u00e9r\u00e9s en arts visuels dans la construction de la culture et de l\u2019identit\u00e9 de la soci\u00e9t\u00e9 canadienne.<\/li>\n<\/ul>\n<hr>\n<h2 id=\"personnel\">Personnel<\/h2>\n<ul>\n<li><strong>Clayton Windatt<\/strong>, Directeur ex\u00e9cutif \u2013 <a href=\"mailto:claytonwindatt@arca.art\">claytonwindatt@arca.art<\/a><\/li>\n<li><strong>Katherine Dionne<\/strong>, <span class=\"HwtZe\" lang=\"fr\"><span class=\"jCAhz ChMk0b\"><span class=\"ryNqvb\">Coordinatrice de la programmation<\/span><\/span><\/span> \u2013 <a href=\"mailto:katherinedionne@arca.art\">katherinedionne@arca.art<\/a><\/li>\n<\/ul>\n<p>Ancien directeur et ancienne directrice de l\u2019ARCA&nbsp;: Anne Bertrand (2012-2020), Annie Gauthier (2011-2012), Daniel Roy (2005-2011).<\/p>\n<hr>\n<h2 id=\"personnel\"><strong>Le conseil d\u2019administration<\/strong><\/h2>\n<p>L\u2019ARCA est dirig\u00e9e par <b>Clayton Windatt<\/b>, Directeur ex\u00e9cutif, avec l\u2019appui du conseil d\u2019administration constitu\u00e9 des repr\u00e9sentants des <strong>neuf associations membres<\/strong>:<\/p>\n<ul>\n<li><strong>Catherine Bodmer <\/strong>(RCAAQ) &#8211; Pr\u00e9sident<\/li>\n<li><strong>Jonathan Middleton <\/strong>(ARCCO) &#8211; Secr\u00e9taire<\/li>\n<li><strong>Jenel Shaw <\/strong>(MARCC) &#8211; Tr\u00e9sori\u00e8re<\/li>\n<li><strong>Catherine Arseneault<\/strong> (Atlantis) &#8211; Membre<\/li>\n<li><strong>Lori Beavis<\/strong> (Indigenous Affiliates) &#8211; Membre<\/li>\n<li><strong>V\u00e9ronique Leblanc<\/strong> (AGAVF) &#8211; Membre<\/li>\n<li><strong>Zool Suleman<\/strong> (PAARC) &#8211; Membre<\/li>\n<li><strong>Winona Julian<\/strong> (Alberta Association) &#8211; Membre<\/li>\n<li><strong>Tarin Dehod<\/strong> (PARCA) &#8211; Membre<\/li>\n<\/ul>\n<p>Anciens pr\u00e9sidents et anciennes pr\u00e9sidentes du conseil d\u2019administration : Eddie Ayoub, Tarin Dehod, Todd Janes, Cindy Baker, Jonathan Middleton, Michelle Bush, et Bastien Gilbert.<\/p>\n<hr>\n<h2 id=\"membres\"><strong>Les membres de l\u2019ARCA<\/strong><\/h2>\n<p>Depuis l\u2019introduction en 2014 de la nouvelle loi sur les organismes \u00e0 but non lucratif, l\u2019ARCA est compos\u00e9e de 27&nbsp;membres repr\u00e9sentant les 9&nbsp;associations de centres d\u2019artistes autog\u00e9r\u00e9s du Canada, chacune d\u2019elles \u00e9tant responsable de former un coll\u00e8ge \u00e9lectoral de 3&nbsp;membres nomm\u00e9s en assembl\u00e9e annuelle.<\/p>\n<h3>Association albertaine<\/h3>\n<p>Cette association facilite la repr\u00e9sentation, le r\u00e9seautage et le d\u00e9veloppement de les centres d\u2019artistes albertains. Ses activit\u00e9s visent \u00e0 mieux faire conna\u00eetre les centres d\u2019artistes en Alberta pour d\u00e9fendre leurs droits et, \u00e0 long terme, accro\u00eetre leur rayonnement.&nbsp;<a href=\"http:\/\/aaarc.ca\/\">http:\/\/aaarc.ca\/<\/a><\/p>\n<h3><strong>Artist-Run<\/strong> Centres<strong> and Collectives of Ontario <\/strong>(ARCCO)<\/h3>\n<p>Actif depuis 1988, ARCCO repr\u00e9sente plus de 40 centres et collectifs autog\u00e9r\u00e9s par des artistes \u00e0 travers l\u2019Ontario. En novembre 2008, ARCCO a organis\u00e9 la conf\u00e9rence nationale des centres d\u2019artistes autog\u00e9r\u00e9s <em data-start=\"209\" data-end=\"238\">hot buttons \/ points chauds<\/em> \u00e0 Ottawa, puis en 2015 <em data-start=\"262\" data-end=\"323\">Artists at the Center: Moving from the Margins to Inclusion<\/em>, \u00e0 Toronto.&nbsp;<a class=\"\" href=\"http:\/\/www.arcco.net\" target=\"_new\" rel=\"noopener\" data-start=\"410\" data-end=\"423\" data-is-last-node=\"\">www.arcco.net<\/a><\/p>\n<h3>L\u2019Association<strong> atlantique des centres d\u2019artistes autog\u00e9r\u00e9s (AARCA ou Atlantis) <\/strong><\/h3>\n<p>Constitu\u00e9e en soci\u00e9t\u00e9 en 2005, l\u2019AARCA, aussi appel\u00e9e, Atlantis repr\u00e9sente une douzaine de centres d\u2019artistes de Terre-Neuve-et-Labrador, du Nouveau-Brunswick, de la Nouvelle-\u00c9cosse et de l\u2019\u00cele-du-Prince-\u00c9douard. L\u2019\u00e9talement sur quatre provinces rend les communications plus difficiles, mais l\u2019association rel\u00e8ve ce d\u00e9fi et tisse des liens avec d\u2019autres groupes de pression de la r\u00e9gion afin d\u2019am\u00e9liorer le financement des arts.&nbsp;<a href=\"https:\/\/www.aarcatlantis.art\/\">https:\/\/www.aarcatlantis.art\/<\/a><\/p>\n<h3>L\u2019Association des groupes en arts visuels francophones (AGAVF)<\/h3>\n<p>Fond\u00e9e en 1998, l\u2019AGAVF d\u00e9fend les int\u00e9r\u00eats des groupes et collectifs francophones en milieu minoritaire, dont une majorit\u00e9 de centres d\u2019artistes. Ses effectifs comptent actuellement des centres et des collectifs en Nouvelle-\u00c9cosse, au Nouveau-Brunswick, en Ontario et au Manitoba.&nbsp;<a href=\"http:\/\/www.agavf.ca\/\">http:\/\/www.agavf.ca\/<\/a><\/p>\n<h3>Affili\u00e9s autochtones<\/h3>\n<p>Les affili\u00e9s autochtones est un regroupement non g\u00e9ographique. Ses membres forment une alliance informelle d&#8217;organisations artistiques dirig\u00e9es par des Autochtones, principalement des collectifs d&#8217;artistes.<\/p>\n<h3>Manitoba Artist-Run Centres Coalition (MARCC)<\/h3>\n<p>MARCC est un m\u00e9lange de centres d\u2019artistes, de galeries publiques, de festivals alternatifs, de fournisseurs de services et de programmateurs d\u2019\u00e9v\u00e9nements. Son principal objectif est la transmission d\u2019informations, mais l\u2019association veut aussi provoquer le changement et sensibiliser la population aux enjeux propres au domaine des arts au Manitoba. <a href=\"http:\/\/www.marcc.ca\/\">www.marcc.ca<\/a><\/p>\n<h3>Pacific Association of Artist-Run Centres (PAARC)<\/h3>\n<p>La PAARC, en Colombie-Britannique, est active depuis 1988. Malgr\u00e9 son budget limit\u00e9, l\u2019association a pu d\u00e9fendre les int\u00e9r\u00eats de ses membres et mettre en valeur leurs activit\u00e9s avec succ\u00e8s. Elle compte maintenant une vingtaine de membres, avec l\u2019arriv\u00e9e de nouveaux centres de Vancouver et de l\u2019int\u00e9rieur de la province. <a href=\"http:\/\/www.paarc.ca\/\">http:\/\/www.paarc.ca\/<\/a><\/p>\n<h3>Plains Association of Artist-Run Centres (PARCA)<\/h3>\n<p>PARCA, en Saskatchewan, repr\u00e9sente huit centres d\u2019artistes de Regina, Saskatoon et Prince Albert. L\u2019association a pour mission de d\u00e9fendre les int\u00e9r\u00eats des centres d\u2019artistes dans la province, et de faciliter les communications et le r\u00e9seautage.&nbsp;<\/p>\n<h3>Le Regroupement des centres d\u2019artistes autog\u00e9r\u00e9s du Qu\u00e9bec (RCAAQ)<\/h3>\n<p>Le RCAAQ, la plus ancienne et la plus importante des associations r\u00e9gionales, regroupant plus de 72&nbsp;centres de l\u2019ensemble du Qu\u00e9bec, a c\u00e9l\u00e9br\u00e9 son 30<sup>e<\/sup> anniversaire en 2016. Le Regroupement travaille activement \u00e0 promouvoir les int\u00e9r\u00eats des centres d\u2019artistes et \u00e0 \u00e9largir son r\u00e9seau au niveau international. Il offre des programmes de formation et des services de promotion des publications \u00e0 ses membres et aux partenaires int\u00e9ress\u00e9s. Il est partenaire du Mouvement pour les arts et les lettres (MAL) et de la Coalition canadienne des arts, deux coalitions mises sur pied pour am\u00e9liorer le financement des arts au Qu\u00e9bec et au Canada. <a href=\"http:\/\/rcaaq.org\/\">http:\/\/rcaaq.org\/<\/a><\/p>\n<hr>\n<h2 id=\"partenariats\"><strong>Partenariats entre l\u2019ARCA et ses membres<\/strong><\/h2>\n<p>Les collaborations et les coproductions sont d\u00e9finies comme \u00e9tant des projets, par exemple un colloque, une conf\u00e9rence, un atelier, un symposium, une publication (imprim\u00e9e ou num\u00e9rique) ou toute autre forme d\u2019activit\u00e9, entrepris par un ou des membres de l\u2019ARCA avec un concours financier ou autre approuv\u00e9 par le conseil d\u2019administration de l\u2019ARCA.<\/p>\n<p>Depuis sa fondation, l\u2019ARCA a accueilli \u00e0 tour de r\u00f4le les propositions d\u2019associations de centres d\u2019artistes autog\u00e9r\u00e9s qui, sur une base volontaire, ont exprim\u00e9 leur d\u00e9sir de produire une conf\u00e9rence (ou toute autre activit\u00e9).<\/p>\n<p>Les associations de centres d\u2019artistes autog\u00e9r\u00e9s sont responsables de d\u00e9terminer le processus interne de s\u00e9lection du projet (par exemple, avec le soutien d\u2019un comit\u00e9 de programmation, d\u2019un comit\u00e9 consultatif, de commissaires, etc.) afin que celui-ci refl\u00e8te les int\u00e9r\u00eats et les besoins de l\u2019ensemble des centres d\u2019artistes autog\u00e9r\u00e9s. Dument mandat\u00e9es par leurs membres, les associations doivent soumettre un projet (ou un appel de propositions) et un budget pr\u00e9liminaire au conseil d\u2019administration de l\u2019ARCA aux fins de discussion et d\u2019approbation de la contribution financi\u00e8re de l\u2019ARCA.<\/p>\n<p>Dans l\u2019\u00e9ventualit\u00e9 o\u00f9 plus d\u2019un membre \u00e9mettrait le d\u00e9sir de s\u2019engager dans un tel partenariat, le conseil d\u2019administration ferait le maximum afin d\u2019accommoder toutes les requ\u00eates en temps et lieu, et sugg\u00e8rerait un ordre de priorit\u00e9, en accord avec les objectifs et le plan d\u2019action de l\u2019ARCA.<\/p>\n<p><strong>La Conf\u00e9rence des collectifs et des centres d\u2019artistes autog\u00e9r\u00e9s est membre des associations suivantes&nbsp;:<\/strong><\/p>\n<ul>\n<li><a href=\"http:\/\/visualartsvisuels.ca\/\">Alliance pour les arts visuels<\/a><\/li>\n<li><a href=\"http:\/\/www.lacoalitioncanadiennedesarts.ca\/fr\/\">Coalition canadienne des arts<\/a><\/li>\n<li><a href=\"https:\/\/cwc-coc.ca\/fr\">Culture \u00e0 l\u2019\u0153uvre Canada<\/a><\/li>\n<\/ul>\n","protected":false},"excerpt":{"rendered":"<p>Organisme canadien de repr\u00e9sentation et de promotion des arts visuels, la Conf\u00e9rence des collectifs et des centres d\u2019artistes autog\u00e9r\u00e9s (CCCAA-ARCCC) r\u00e9unit les 9 associations canadiennes de centres d\u2019artistes autog\u00e9r\u00e9s, lesquelles regroupent plus de 180 centres d\u2019artistes autog\u00e9r\u00e9s et collectifs d\u2019artistes consacr\u00e9s aux arts visuels, aux m\u00e9diatiques, aux m\u00e9tiers d\u2019art et \u00e0 l\u2019architecture \u00e0 travers le <a href=\"https:\/\/www.arca.art\/fr\/arca\/\" title=\"Read \u00e0 propos de l&#8217;ARCA\">&raquo;&raquo;<\/a><\/p>\n","protected":false},"author":1,"featured_media":0,"parent":0,"menu_order":0,"comment_status":"closed","ping_status":"closed","template":"","meta":{"ngg_post_thumbnail":0,"footnotes":""},"class_list":["post-75","page","type-page","status-publish","hentry"],"_links":{"self":[{"href":"https:\/\/www.arca.art\/fr\/wp-json\/wp\/v2\/pages\/75","targetHints":{"allow":["GET"]}}],"collection":[{"href":"https:\/\/www.arca.art\/fr\/wp-json\/wp\/v2\/pages"}],"about":[{"href":"https:\/\/www.arca.art\/fr\/wp-json\/wp\/v2\/types\/page"}],"author":[{"embeddable":true,"href":"https:\/\/www.arca.art\/fr\/wp-json\/wp\/v2\/users\/1"}],"replies":[{"embeddable":true,"href":"https:\/\/www.arca.art\/fr\/wp-json\/wp\/v2\/comments?post=75"}],"version-history":[{"count":68,"href":"https:\/\/www.arca.art\/fr\/wp-json\/wp\/v2\/pages\/75\/revisions"}],"predecessor-version":[{"id":2947,"href":"https:\/\/www.arca.art\/fr\/wp-json\/wp\/v2\/pages\/75\/revisions\/2947"}],"wp:attachment":[{"href":"https:\/\/www.arca.art\/fr\/wp-json\/wp\/v2\/media?parent=75"}],"curies":[{"name":"wp","href":"https:\/\/api.w.org\/{rel}","templated":true}]}}