{"id":2920,"date":"2025-11-24T22:14:45","date_gmt":"2025-11-24T22:14:45","guid":{"rendered":"https:\/\/www.arca.art\/fr\/?page_id=2920"},"modified":"2026-01-30T17:21:23","modified_gmt":"2026-01-30T17:21:23","slug":"campagne-red-envelope","status":"publish","type":"page","link":"https:\/\/www.arca.art\/fr\/campagne-red-envelope\/","title":{"rendered":"Campagne Red Envelope"},"content":{"rendered":"<p><img loading=\"lazy\" decoding=\"async\" class=\"alignnone size-full wp-image-2932\" src=\"http:\/\/www.arca.art\/fr\/files\/ARCA-Red-Envelope-Campaign-2.png\" alt=\"\" width=\"1920\" height=\"1080\" srcset=\"https:\/\/www.arca.art\/fr\/files\/ARCA-Red-Envelope-Campaign-2.png 1920w, https:\/\/www.arca.art\/fr\/files\/ARCA-Red-Envelope-Campaign-2-300x169.png 300w, https:\/\/www.arca.art\/fr\/files\/ARCA-Red-Envelope-Campaign-2-1024x576.png 1024w, https:\/\/www.arca.art\/fr\/files\/ARCA-Red-Envelope-Campaign-2-150x84.png 150w, https:\/\/www.arca.art\/fr\/files\/ARCA-Red-Envelope-Campaign-2-768x432.png 768w, https:\/\/www.arca.art\/fr\/files\/ARCA-Red-Envelope-Campaign-2-1536x864.png 1536w\" sizes=\"auto, (max-width: 1920px) 100vw, 1920px\" \/><\/p>\n<h1>L\u2019ARCA lance la campagne canadienne \u00ab RED ENVELOPE \u00bb : de l\u2019instabilit\u00e9 \u00e0 la croissance<\/h1>\n<h3><span style=\"font-weight: 400\">Nous f\u00e9licitons le gouvernement du Canada d&#8217;avoir soutenu les arts et mis en \u0153uvre le nouveau droit de suite des artistes, une mesure essentielle pour la justice \u00e9conomique et les droits des artistes. Cependant, <\/span><b>une stabilit\u00e9 minimale n&#8217;est pas synonyme de croissance ou de durabilit\u00e9.<\/b><span style=\"font-weight: 400\"> Le sous-financement chronique met \u00e0 rude \u00e9preuve le secteur dirig\u00e9 par les artistes, limitant la r\u00e9mun\u00e9ration \u00e9quitable des artistes et la capacit\u00e9 du Conseil des arts du Canada (CAC) \u00e0 remplir pleinement son mandat.<\/span><\/h3>\n<blockquote>\n<h3><span style=\"font-weight: 400\">\u00ab <\/span><i><span style=\"font-weight: 400\">Le salaire moyen des employ\u00e9\u00b7es des centres d\u2019artistes est nettement inf\u00e9rieur \u00e0 celui de leurs homologues dans des secteurs parall\u00e8les, et parfois m\u00eame inf\u00e9rieur au seuil de pauvret\u00e9. Comment les centres d\u2019artistes peuvent-ils attirer de nouvelles g\u00e9n\u00e9rations de travailleur\u00b7euses culturel\u00b7les alors qu&#8217;ils ne peuvent m\u00eame pas leur offrir un salaire d\u00e9cent ?<\/span><\/i><span style=\"font-weight: 400\"> \u00bb<\/span><\/h3>\n<h3><span style=\"font-weight: 400\">\u2014 Clayton Windatt, directeur de l\u2019ARCA<\/span><\/h3>\n<\/blockquote>\n<h3><b>Nous demandons instamment une augmentation significative et permanente du budget de base du CAC, ax\u00e9e sur trois piliers :<\/b><\/h3>\n<ul>\n<li style=\"font-weight: 400\">\n<h3><b>Stabiliser les centres d&#8217;artistes autog\u00e9r\u00e9s <\/b><span style=\"font-weight: 400\">: garantir un financement de fonctionnement afin d&#8217;offrir une r\u00e9mun\u00e9ration \u00e9quitable aux artistes et au personnel, qui constituent le c\u0153ur de la recherche et du d\u00e9veloppement dans le domaine de l&#8217;art contemporain.<\/span><\/h3>\n<\/li>\n<li style=\"font-weight: 400\">\n<h3><b>Acc\u00e9l\u00e9rer l\u2019\u00e9quit\u00e9 <\/b><span style=\"font-weight: 400\">: fournir le financement n\u00e9cessaire pour doter pleinement en ressources les groupes et les organisations historiquement sous-repr\u00e9sent\u00e9es (artistes autochtones, noirs, racialis\u00e9\u00b7es, sourd\u00b7es et handicap\u00e9\u00b7es, 2SLGBTQI+, et des CLOSM).<\/span><\/h3>\n<\/li>\n<li style=\"font-weight: 400\">\n<h3><b>Renforcer l\u2019\u00e9valuation par les pairs <\/b><span style=\"font-weight: 400\">: le financement des arts n\u00e9cessite des \u00e9valuateur\u00b7trices pairs qui sont des expert\u00b7es dans leur domaine et poss\u00e8dent les connaissances indispensables \u00e0 l&#8217;examen des demandes dans le domaine des arts.<\/span><\/h3>\n<\/li>\n<\/ul>\n<h3><span style=\"font-weight: 400\">Notre strat\u00e9gie consiste \u00e0 collaborer avec l\u2019Alliance pour les arts visuels et la Coalition canadienne des arts en mettant l&#8217;accent sur la mobilisation des d\u00e9put\u00e9s. <strong>Nous invitons les artistes et repr\u00e9sentant\u00b7es d\u2019organismes artistiques \u00e0 <a href=\"https:\/\/docs.google.com\/forms\/d\/e\/1FAIpQLSf4Km0iCIWQkjz1YEib6pbTNOdK0IHadr68fJtrQRST8C__iQ\/viewform\" target=\"_blank\" rel=\"noopener\">signer la lettre d&#8217;appel \u00e0 l&#8217;action<\/a> ci-dessous afin de soutenir cette initiative.<\/strong><\/span><\/h3>\n<p>&nbsp;<\/p>\n<h1><b>Assurer l&#8217;avenir de l&#8217;art contemporain canadien : appel urgent \u00e0 un investissement accru dans le Conseil des Arts du Canada (CAC) et le r\u00e9seau unique de centres d&#8217;artistes autog\u00e9r\u00e9s du Canada<\/b><\/h1>\n<h3><span style=\"font-weight: 400\">La Conf\u00e9rence des collectifs et des centres d\u2019artistes autog\u00e9r\u00e9s \/ The Artist-Run Centres and Collectives Conference (ARCA), qui repr\u00e9sente les infrastructures culturelles essentielles de votre r\u00e9gion et du pays, se r\u00e9jouit de l\u2019engagement continu envers les arts et la culture dont fait preuve le gouvernement lib\u00e9ral dans son budget f\u00e9d\u00e9ral 2025. Cependant, l&#8217;augmentation annuelle de 2 millions de dollars du budget du CAC, qui repr\u00e9sente \u00e0 peine 0,5 % de son budget total, est jug\u00e9e largement insuffisante. Cette contribution est bien en de\u00e7\u00e0 des besoins r\u00e9els du secteur, estim\u00e9s \u00e0 140 millions de dollars par la Coalition canadienne des arts.<\/span><\/h3>\n<h3><span style=\"font-weight: 400\">Nous affirmons avec force notre solidarit\u00e9 avec la Coalition canadienne des arts en applaudissant la d\u00e9cision de maintenir le financement de base du Conseil des arts du Canada et du minist\u00e8re du Patrimoine canadien. Ce budget reconna\u00eet \u00e0 juste titre le r\u00f4le essentiel que jouent les artistes, les commissaires ind\u00e9pendant\u00b7es et les centres d&#8217;artistes autog\u00e9r\u00e9s qui les soutiennent dans le d\u00e9veloppement du paysage cr\u00e9atif, social et \u00e9conomique du Canada. L&#8217;importance des arts dans le soutien des identit\u00e9s uniques du Canada \u00e0 travers ce vaste territoire a pers\u00e9v\u00e9r\u00e9 face aux \u00ab pressions internationales \u00bb. Les p\u00f4les culturels cr\u00e9atifs \u00e0 travers le Canada d\u00e9veloppent des voix nouvelles et fortes dans nos communaut\u00e9s, montrant que le financement des arts est essentiel pour renforcer le pays contre les menaces potentielles \u00e0 notre souverainet\u00e9.<\/span><\/h3>\n<h3><span style=\"font-weight: 400\">ARCA se r\u00e9jouit de la proposition d&#8217;introduction d&#8217;un <\/span><b>droit de suite pour les artistes<\/b><span style=\"font-weight: 400\">. Il s&#8217;agit d&#8217;une mesure essentielle et attendue depuis longtemps qui reconna\u00eet la valeur durable du travail et de la propri\u00e9t\u00e9 intellectuelle des artistes en arts visuels. Le droit de suite repr\u00e9sente une \u00e9tape cruciale vers la justice culturelle et \u00e9conomique, garantissant que les artistes, dont beaucoup ont \u00e9t\u00e9 soutenu\u00b7es au d\u00e9but de leur carri\u00e8re par les centres d&#8217;artistes, b\u00e9n\u00e9ficient \u00e9quitablement du succ\u00e8s commercial futur de leurs \u0153uvres.<\/span><\/h3>\n<h3><span style=\"font-weight: 400\">Bien que nous soyons encourag\u00e9\u00b7es par les nouveaux investissements dans des programmes culturels tels que le Fonds du Canada pour les pr\u00e9sentations artistiques et B\u00e2tir des communaut\u00e9s gr\u00e2ce aux arts et au patrimoine, ces ressources sont souvent insuffisantes pour de nombreux groupes, car <\/span><b>ces fonds soutiennent rarement les espaces d\u00e9di\u00e9s aux arts visuels contemporains.<\/b><\/h3>\n<h2><b>L&#8217;APPEL ESSENTIEL : DE L&#8217;INSTABILIT\u00c9 \u00c0 LA CROISSANCE<\/b><\/h2>\n<h3><span style=\"font-weight: 400\">Bien que nous applaudissions l&#8217;engagement envers la stabilit\u00e9 du financement, l&#8217;ARCA doit souligner qu&#8217;<\/span><b>une<\/b> <b>stabilit\u00e9 minimale n&#8217;est pas synonyme de croissance ou de durabilit\u00e9<\/b><span style=\"font-weight: 400\">. Le sous-financement chronique met \u00e0 rude \u00e9preuve le secteur dirig\u00e9 par les artistes, limitant la r\u00e9mun\u00e9ration \u00e9quitable des artistes et la capacit\u00e9 du Conseil des Arts du Canada (CAC) \u00e0 remplir pleinement son mandat.<\/span><\/h3>\n<h3><span style=\"font-weight: 400\">C&#8217;est pourquoi l&#8217;ARCA lance cette<\/span><b> campagne de sensibilisation \u00ab RED ENVELOPE \u00bb<\/b><span style=\"font-weight: 400\"> (Enveloppe rouge) afin de demander de toute urgence <\/span><b>une augmentation significative et permanente<\/b><span style=\"font-weight: 400\"> du budget de base du Conseil des arts du Canada. Cet investissement doit s&#8217;articuler autour de trois piliers fondamentaux :<\/span><\/h3>\n<h2><b>1. Stabiliser les centres d&#8217;artistes autog\u00e9r\u00e9s<\/b><\/h2>\n<h3><span style=\"font-weight: 400\">Les centres d&#8217;artistes autog\u00e9r\u00e9s fonctionnent comme la branche de \u00ab recherche et d\u00e9veloppement \u00bb \u00e0 but non lucratif du secteur des arts contemporains. Cette infrastructure vitale fonctionne actuellement avec des ressources chroniquement insuffisantes, ce qui emp\u00eache d&#8217;\u00e9voluer vers un salaire d\u00e9cent pour les travailleur\u00b7euses culturel\u00b7les. La raret\u00e9 des ressources emp\u00eache les centres d&#8217;artistes d&#8217;offrir des salaires comp\u00e9titifs et \u00e9quitables. Le salaire de base moyen d&#8217;une direction g\u00e9n\u00e9rale d&#8217;un petit centre d&#8217;artistes (dont le budget annuel est compris entre 100 000 et 250 000 $) serait d&#8217;environ <\/span><b>31 500 $ <\/b><span style=\"font-weight: 400\">(r\u00e9f\u00e9rence 1).<\/span><span style=\"font-weight: 400\">&nbsp; Un financement accru est n\u00e9cessaire pour garantir la stabilit\u00e9 op\u00e9rationnelle et offrir une r\u00e9mun\u00e9ration \u00e9quitable aux artistes, aux commissaires et aux travailleur\u00b7euses culturel\u00b7les.<\/span><\/h3>\n<h2><b>2. Acc\u00e9l\u00e9rer l\u2019\u00e9quit\u00e9<\/b><\/h2>\n<h3><span style=\"font-weight: 400\">Bien que le CAC ait fait d&#8217;\u00e9normes progr\u00e8s en mati\u00e8re d&#8217;\u00e9quit\u00e9, il ne pourra r\u00e9aliser pleinement son mandat sans une augmentation proportionnelle de son enveloppe budg\u00e9taire. De nouveaux investissements doivent \u00eatre inject\u00e9s dans le CAC afin de fournir des ressources suffisantes aux artistes et aux organisations autochtones, noirs, racialis\u00e9\u00b7es, sourd\u00b7es et handicap\u00e9\u00b7es, 2SLGBTQI+, et des CLOSM. Des \u00e9tudes montrent syst\u00e9matiquement que les artistes racialis\u00e9\u00b7es tirent de leurs activit\u00e9s artistiques un revenu m\u00e9dian <\/span><b>nettement inf\u00e9rieur (de 20 % ou plus)<\/b><span style=\"font-weight: 400\"> \u00e0 celui de leurs homologues non racialis\u00e9\u00b7es, ce qui souligne l&#8217;in\u00e9galit\u00e9 \u00e9conomique syst\u00e9mique (r\u00e9f\u00e9rence <\/span><span style=\"font-weight: 400\">2).<\/span><span style=\"font-weight: 400\"> Les sources de financement d\u00e9di\u00e9es du CAC ont permis d&#8217;allouer <\/span><b>31,8 millions de dollars<\/b><span style=\"font-weight: 400\"> aux artistes et organisations autochtones et <\/span><b>33,7 millions de dollars<\/b><span style=\"font-weight: 400\"> aux artistes et organisations racialis\u00e9\u00b7es au cours de la p\u00e9riode de r\u00e9f\u00e9rence<\/span><b> 2020-2021<\/b> (r\u00e9f\u00e9rence <span style=\"font-weight: 400\">3).<\/span><span style=\"font-weight: 400\">&nbsp;Ces progr\u00e8s doivent \u00eatre soutenus par une enveloppe plus importante afin de parvenir \u00e0 une v\u00e9ritable repr\u00e9sentation proportionnelle et de favoriser la coh\u00e9sion culturelle.<\/span><\/h3>\n<h2><b>3. Renforcer l\u2019\u00e9valuation par les pairs<\/b><\/h2>\n<h3><span style=\"font-weight: 400\">L&#8217;int\u00e9grit\u00e9 et la gouvernance responsable du financement des arts d\u00e9pendent enti\u00e8rement d&#8217;un syst\u00e8me solide d&#8217;\u00e9valuation par les pairs. Le financement des arts n\u00e9cessite la s\u00e9lection d&#8217;\u00e9valuateur\u00b7trices pairs qui sont des expert\u00b7es hautement qualifi\u00e9s dans leur domaine, poss\u00e9dant les connaissances et l&#8217;exp\u00e9rience critique indispensables \u00e0 l&#8217;\u00e9valuation des demandes. La complexit\u00e9 inh\u00e9rente \u00e0 ces demandes souligne la n\u00e9cessit\u00e9 d&#8217;un jugement sp\u00e9cifique \u00e0 chaque discipline et exige une transparence accrue en ce qui concerne les processus de s\u00e9lection. Nous demandons une consultation \u00e9largie de la communaut\u00e9 concernant les crit\u00e8res relatifs aux comp\u00e9tences, \u00e0 la diversit\u00e9 r\u00e9gionale et \u00e0 la repr\u00e9sentation communautaire, tant dans le processus que dans la composition finale des membres du jury. Une augmentation substantielle du financement doit \u00eatre consacr\u00e9e au renforcement de ce processus d\u00e9mocratique essentiel, afin de garantir que les \u00e9valuateur\u00b7trices disposent de ressources suffisantes et soient r\u00e9mun\u00e9r\u00e9s \u00e9quitablement. Cet engagement permettra \u00e0 des artistes issus d&#8217;horizons, de r\u00e9gions g\u00e9ographiques et d&#8217;exp\u00e9riences de vie diverses et vari\u00e9es de participer, refl\u00e9tant ainsi un \u00e9ventail sain et complet des nombreuses cultures et communaut\u00e9s du Canada.<\/span><\/h3>\n<h2><b>CONCLUSION<\/b><\/h2>\n<h3><span style=\"font-weight: 400\">Les centres d\u2019artistes autog\u00e9r\u00e9s connaissent un succ\u00e8s unique au Canada et ont jou\u00e9 un r\u00f4le d\u00e9terminant dans le d\u00e9veloppement de carri\u00e8re des artistes canadien\u00b7nes dans les domaines des arts visuels, des arts m\u00e9diatiques, des arts de la sc\u00e8ne et de l\u2019\u00e9dition. Ces artistes, \u00e0 leur tour, ont fait la fiert\u00e9 du Canada \u00e0 l\u2019\u00e9chelle locale et internationale, refl\u00e9tant nos id\u00e9es, nos histoires et notre innovation. Une grande partie de ce succ\u00e8s est attribuable aux investissements pr\u00e9coces du Conseil des Arts du Canada dans nos centres. En tant que porte-parole national du secteur des centres d\u2019artistes autog\u00e9r\u00e9s, l\u2019ARCA reste d\u00e9termin\u00e9e \u00e0 plaider en faveur de cadres de financement responsables et r\u00e9actifs qui reconnaissent pleinement et soutiennent les mod\u00e8les uniques, dirig\u00e9s par des artistes et \u00e0 but non lucratif. Nous exhortons le gouvernement \u00e0 consid\u00e9rer le soutien financier du Conseil des Arts du Canada non pas comme une d\u00e9pense, mais comme un investissement direct et \u00e0 fort impact dans l&#8217;\u00e9conomie cr\u00e9ative et l&#8217;identit\u00e9 culturelle diversifi\u00e9e et innovante du Canada.<\/span><\/h3>\n<p>Notes de fin:<\/p>\n<ol>\n<li><b>\u00c9tude nationale sur la r\u00e9mun\u00e9ration &#8211; 2017<\/b><span style=\"font-weight: 400\">, r\u00e9alis\u00e9e par le Conseil des ressources humaines du secteur culturel (CRHSC) et command\u00e9e par le Conseil des arts du Canada.<\/span><\/li>\n<li><b>Diversit\u00e9 d\u00e9mographique des artistes au Canada en 2016<\/b><span style=\"font-weight: 400\"> (donn\u00e9es tir\u00e9es du recensement de 2016), publi\u00e9 par Hill Strategies Research Inc.<\/span><\/li>\n<li><b>Rapport sur les r\u00e9sultats minist\u00e9riels 2020-2021<\/b><span style=\"font-weight: 400\">, publi\u00e9 par Patrimoine canadien (comprend le r\u00e9sum\u00e9 financier du Conseil des arts du Canada).<\/span><\/li>\n<\/ol>\n<h3>SIGNATURES:&nbsp;<\/h3>\n<h4><b>Clayton Windatt<br \/>\n<\/b><span style=\"font-weight: 400\">Directeur\u2502La Conf\u00e9rence des collectifs et des centres d\u2019artistes autog\u00e9r\u00e9s <\/span><span style=\"font-weight: 400\">\/ <\/span><span style=\"font-weight: 400\">Artist-Run Centres and Collectives Conference <\/span><span style=\"font-weight: 400\">(ARCA)\u2502Sturgeon Falls, ON<\/span><\/h4>\n<h4><strong>Catherine Bodmer<\/strong><br \/>\n<span style=\"font-weight: 400\">Directrice\u2502Regroupement des centres d&#8217;artistes autog\u00e9r\u00e9s du Qu\u00e9bec (RCAAQ)<\/span><span style=\"font-weight: 400\">\u2502Montr\u00e9al, QC<\/span><\/h4>\n<h4><strong>Carina Phillips<\/strong><br \/>\nThis Town is Small<span style=\"font-weight: 400\">\u2502Charlottetown, PE<\/span><\/h4>\n<h4><strong>Winona Julian<\/strong><br \/>\nCo-Director<span style=\"font-weight: 400\">\u2502<\/span>The New Gallery<span style=\"font-weight: 400\">\u2502Calgary, AB<\/span><\/h4>\n<h4><strong>Cristina Wang<\/strong><br \/>\nCo-Director<span style=\"font-weight: 400\">\u2502<\/span>The New Gallery<span style=\"font-weight: 400\">\u2502Calgary, AB<\/span><\/h4>\n<h4><strong>Jasmine Hynes<\/strong><br \/>\nSystems Director<span style=\"font-weight: 400\">\u2502<\/span>The Bows<span style=\"font-weight: 400\">\u2502Calgary, AB<\/span><\/h4>\n<h4><strong>Alexa Bunnell<\/strong><br \/>\nProgram Manager and Curator<span style=\"font-weight: 400\">\u2502<\/span>TREX SW<span style=\"font-weight: 400\">\u2502Calgary, AB<\/span><\/h4>\n<h4><strong>Janira Moncayo<\/strong><br \/>\nProgramming Manager<span style=\"font-weight: 400\">\u2502<\/span>EMMEDIA Gallery &amp; Production Society<span style=\"font-weight: 400\">\u2502Calgary, AB<\/span><\/h4>\n<h4><strong>Catherine Arseneault<\/strong><br \/>\nDirector<span style=\"font-weight: 400\">\u2502<\/span>F Stop Studio<span style=\"font-weight: 400\">\u2502Moncton, NB<\/span><\/h4>\n<h4><strong>Jasmine Piper<\/strong><br \/>\nGrants Specialist<span style=\"font-weight: 400\">\u2502<\/span>Calgary Arts Development<span style=\"font-weight: 400\">\u2502Calgary, AB<\/span><\/h4>\n<h4><strong>V\u00e9ronique Leblanc<br \/>\n<\/strong>Codirectrice\u2502Association des groupes en arts visuels francophones\u2502Ottawa, ON<\/h4>\n<h4><strong>Emma Hendrix<\/strong><br \/>\nExecutive Director\u2502VP Media Arts Centre\u2502Winnipeg, MB<\/h4>\n<h4><strong>Michelle Lacombe<\/strong><br \/>\nVIVA! Art Action\u2502Montr\u00e9al\/Tiohti\u00e0:ke, QC<\/h4>\n<h4><strong>Tina Lam<\/strong><br \/>\nArtist\u2502Montr\u00e9al, QC<\/h4>\n<h4><strong>Sinara Rozo<br \/>\n<\/strong>Southern Currents\u2502Toronto, ON<\/h4>\n<h4><strong>Laurianne Lalonde<\/strong><br \/>\nAGAC\u2502Montr\u00e9al, QC<\/h4>\n<h4><strong>Kristina Corre<\/strong><br \/>\nAdministrative Director\u2502Gallery 101\u2502Ottawa, ON<\/h4>\n<h4><strong>Julie Hall<\/strong><br \/>\nCAFKA \u2013 Contemporary Art Forum Kitchener and Area\u2502Kitchener, ON<\/h4>\n<h4><strong>Maddi Andrews<\/strong><br \/>\nExecutive Director\u2502Modern Fuel Artist-Run Centre\u2502Kingston, ON<\/h4>\n<h4><strong>Shannon Lucky<\/strong><br \/>\nChair of the Board of Directors\u2502PAVED Arts\u2502Saskatoon, SK<\/h4>\n","protected":false},"excerpt":{"rendered":"<p>L\u2019ARCA lance la campagne canadienne \u00ab RED ENVELOPE \u00bb : de l\u2019instabilit\u00e9 \u00e0 la croissance Nous f\u00e9licitons le gouvernement du Canada d&#8217;avoir soutenu les arts et mis en \u0153uvre le nouveau droit de suite des artistes, une mesure essentielle pour la justice \u00e9conomique et les droits des artistes. Cependant, une stabilit\u00e9 minimale n&#8217;est pas synonyme <a href=\"https:\/\/www.arca.art\/fr\/campagne-red-envelope\/\" title=\"Read Campagne Red Envelope\">&raquo;&raquo;<\/a><\/p>\n","protected":false},"author":4,"featured_media":0,"parent":0,"menu_order":0,"comment_status":"closed","ping_status":"closed","template":"","meta":{"ngg_post_thumbnail":0,"footnotes":""},"class_list":["post-2920","page","type-page","status-publish","hentry"],"_links":{"self":[{"href":"https:\/\/www.arca.art\/fr\/wp-json\/wp\/v2\/pages\/2920","targetHints":{"allow":["GET"]}}],"collection":[{"href":"https:\/\/www.arca.art\/fr\/wp-json\/wp\/v2\/pages"}],"about":[{"href":"https:\/\/www.arca.art\/fr\/wp-json\/wp\/v2\/types\/page"}],"author":[{"embeddable":true,"href":"https:\/\/www.arca.art\/fr\/wp-json\/wp\/v2\/users\/4"}],"replies":[{"embeddable":true,"href":"https:\/\/www.arca.art\/fr\/wp-json\/wp\/v2\/comments?post=2920"}],"version-history":[{"count":9,"href":"https:\/\/www.arca.art\/fr\/wp-json\/wp\/v2\/pages\/2920\/revisions"}],"predecessor-version":[{"id":2944,"href":"https:\/\/www.arca.art\/fr\/wp-json\/wp\/v2\/pages\/2920\/revisions\/2944"}],"wp:attachment":[{"href":"https:\/\/www.arca.art\/fr\/wp-json\/wp\/v2\/media?parent=2920"}],"curies":[{"name":"wp","href":"https:\/\/api.w.org\/{rel}","templated":true}]}}