{"id":8,"date":"2012-08-27T18:25:00","date_gmt":"2012-08-27T18:25:00","guid":{"rendered":"http:\/\/www.arca.art\/en\/?page_id=8"},"modified":"2026-03-17T18:32:28","modified_gmt":"2026-03-17T18:32:28","slug":"arca","status":"publish","type":"page","link":"https:\/\/www.arca.art\/en\/arca\/","title":{"rendered":"About us"},"content":{"rendered":"<p style=\"text-align: left\">The Artist-Run Centres and Collectives Conference (ARCCC-CCCAA) is a Canadian organization that represents \u2013 by way of the nine artist-run centres&#8217; associations that form its membership \u2013 over 180 artist-run centres in the visual and media arts,&nbsp; contemporary craft and architecture and collectives in cities and towns across the country. Artist-run centres\u2019 associations &#8211; are the recognized non-profit geography, identity and discipline-based artist-run associations that form its federated membership.<\/p>\n<h2><strong>ARCA?<\/strong><\/h2>\n<p>Our full name is difficult to remember and the acronym ARCCC-CCCAA, with its multiple C s and A s, hard to pronounce. So we have dropped the repeated letters to keep only \u201cARCA\u201d. The balloon frame illustrates our objective of \u201cgiving a voice\u201d to artist-run centres and, at the same time, it indicates how to pronounce our name\u2026 without breaking your jaw. As it is a nickname and not a legal change of name, we will have to use the full name and the official acronym when necessary. Nevertheless, we hope that this familiar name will help you remember us!<\/p>\n<hr>\n<h2>Page Navigation<\/h2>\n<ol>\n<li><a href=\"#origins\">Origins<\/a><\/li>\n<li><a href=\"#mandate\">Mandate<\/a><\/li>\n<li><a href=\"#mission\">Mission<\/a><\/li>\n<li><a href=\"#staff\">Staff<\/a><\/li>\n<li><a href=\"#board\">Board of Directors<\/a><\/li>\n<li><a href=\"#members\">Membership<\/a><\/li>\n<li><a href=\"#partnerships\">Partnerships<\/a><\/li>\n<\/ol>\n<hr>\n<h2 id=\"origins\">ARCA\u2019s Origins<\/h2>\n<p>Back in April 2002, during the Convergence conference that brought many artist-run centres to Ottawa, emerged once again the idea of a national organization capable of defending the common interests of the different regional associations at the federal level.<\/p>\n<p>On March 1st, 2004, following the InFest conference in Vancouver, representatives from centres across the country agreed to form the Artist-Run Centres and Collectives Conference\/La Conf\u00e9rence des collectifs et des centres d\u2019artistes autog\u00e9r\u00e9s (ARCCC\/CCCAA), that was officially incorporated in May 2005, by Cindy Baker, Jonathan Middleton, Bastien Gilbert and Jewell Goodwyn and is now known as<em> ARCA.<br \/>\n<\/em><\/p>\n<p>To acknowledge its 15th anniversary, ARCA processed its historical archives and commissioned a <a href=\"http:\/\/www.arca.art\/en\/featured\/arcas-15th-anniversary\/\" target=\"_blank\" rel=\"noopener noreferrer\">summary<\/a> of the constitutional deliberations that led to ARCA&#8217;s foundation from author Edwin Janzen.<\/p>\n<hr>\n<h2 id=\"mandate\"><strong>Mandate<\/strong><\/h2>\n<p>ARCA works&nbsp;<strong>connecting<\/strong>&nbsp;artist-run centres,&nbsp;<strong>supporting&nbsp;<\/strong>them through providing communication, development services and&nbsp;<strong>advocating<\/strong>&nbsp;for artist-run culture.<\/p>\n<p><strong>ARCA CONNECTS<\/strong><\/p>\n<ul>\n<li>Since 2008, <strong>ARCA has co-produced 7 biennial conferences <\/strong>that bring together artist-run centres from across Canada and beyond, most recently Against the Current (Ottawa, 2025).<\/li>\n<li>Through <strong>L\u2019arca in the loop, <\/strong><strong>a monthly e-newsletter<\/strong>, ARCA distills and shares information with 900+ subscribers from the artist-run community, netting an above-industry-average open rate.<\/li>\n<li><strong>ARCA produces an online directory of artist-run centres<\/strong> that is consulted 1,500+ times a month, and<strong> maintains a master list of email contacts<\/strong>, updated annually and shared with members.<\/li>\n<\/ul>\n<p><strong>ARCA SUPPORTS<\/strong><\/p>\n<ul>\n<li><strong>ARCA helps artist-run centres navigate <\/strong>frequent changes in funding language, criteria, priorities, and<\/li>\n<li><strong>ARCA <\/strong><strong>collects data <\/strong>to monitor the evolution of the network, and <strong>coordinates campaigns<\/strong> to raise the profile of underserved disciplines such as performance and art publishing.<\/li>\n<li>In 2017<strong>, <\/strong>ARCA published<strong> The Grey Guide <\/strong>to Artist-Run Publishing and Circulation, as a bi-weekly e-campaign, and book on the role of publishing in artist-run culture and tactics for launching into circulation.<\/li>\n<li>In spring 2018, <strong>ARCA conducted a survey to assess the professional conditions of performance artists in Canada<\/strong> to better inform CARFAC\u2019s widely consulted royalty schedule.<\/li>\n<li>ARCA, with support from the Digital Strategy Fund, has offered <strong>individual<\/strong> digital diagnosis, and <strong>group training<\/strong> opportunities in <strong>digital literacy<\/strong>.<\/li>\n<\/ul>\n<p><strong>ARCA ADVOCATES<\/strong><\/p>\n<ul>\n<li>Since 2013, <strong>ARCA meets regularly with the Arts Policy Branch of the Department of Canadian Heritage<\/strong> to explore how the visual and media arts may access their programs, and advocate for better data on the socio-economic conditions of artists and cultural workers.<\/li>\n<li><strong>ARCA participates in Arts Day on the Hill<\/strong>, a member-driven lobby coordinated by the Canadian Arts Coalition\u2014the organization <strong>behind the doubling of the Canada Council for the Arts budget.<\/strong> Based on the Coalition\u2019s material,<strong> ARCA adapted their <\/strong><strong>advocacy toolkit for artist-run centres<\/strong>.<\/li>\n<li>ARCA coordinated three community meetings advocating for artist-run publishing as a distinct sub-category of cultural production,<strong> contributing to the creation of a distinct visual arts publisher profile in Canada Council\u2019s New Funding Model.<\/strong><\/li>\n<li><strong>ARCA, in partnership with IMAA<\/strong>, is currently documenting and quantifying non-monetary value of goods and services to <strong>better represent the philanthropic contribution of artist-run centres<\/strong>.<\/li>\n<\/ul>\n<hr>\n<h2 id=\"mission\">Mission<\/h2>\n<p>ARCA\u2019s mission revolves around the following&nbsp;:<\/p>\n<ul>\n<li>Represent and defend the rights and interests of artist-run centres and collectives at the national level and within national arts associations.<\/li>\n<li>Facilitate and promote networking among the different regional and cultural associations that make up its membership<\/li>\n<li>Produce studies and advocacy resources to assist in identifying and managing issues that affect artist-run centres and collectives in the visual arts<\/li>\n<li>Promote the importance of artist-run centres\u2019 role and contribution to the visual arts and to Canadian identity.<\/li>\n<\/ul>\n<hr>\n<h2 id=\"staff\">Staff<\/h2>\n<ul>\n<li><strong>Clayton Windatt<\/strong>, Executive Director &#8211; <a href=\"mailto:claytonwindatt@arca.art\">claytonwindatt@arca.art<\/a><\/li>\n<li><strong>Katherine Dionne<\/strong>, Programming Coordinator &#8211; <a href=\"mailto:katherinedionne@arca.art\">katherinedionne@arca.art<\/a><\/li>\n<\/ul>\n<p>Past directors include: Anne Bertrand (2012-2020), Annie Gauthier (2011-2012), Daniel Roy (2005-2011).<\/p>\n<hr>\n<h2 id=\"board\">Board of Directors<\/h2>\n<p>ARCA is led by <strong>Clayton Windatt<\/strong>, Executive Director, and a governing board of directors from the nine member associations:<\/p>\n<ul>\n<li><strong>Catherine Bodmer <\/strong>(RCAAQ) &#8211; Chair<\/li>\n<li><strong>Jonathan Middleton <\/strong>(ARCCO) &#8211; Secretary<\/li>\n<li><strong>Jenel Shaw <\/strong>(MARCC) &#8211; Treasurer<\/li>\n<li><strong>Catherine Arseneault<\/strong> (Atlantis) &#8211; Member<\/li>\n<li><strong>Lori Beavis<\/strong> (Indigenous Affiliates) &#8211; Member<\/li>\n<li><strong>V\u00e9ronique Leblanc<\/strong> (AGAVF) &#8211; Member<\/li>\n<li><strong>Zool Suleman<\/strong> (PAARC) &#8211; Member<\/li>\n<li><strong>Winona Julian<\/strong> (Alberta Association) &#8211; Member<\/li>\n<li><strong>Tarin Dehod<\/strong> (PARCA) &#8211; Member<\/li>\n<\/ul>\n<p>Past Chairs include: Eddie Ayoub, Tarin Dehod, Todd Janes, Cindy Baker, Jonathan Middleton, Michelle Bush, and Bastien Gilbert.<\/p>\n<hr>\n<h2 id=\"members\">Membership<\/h2>\n<p>Since the introduction of the New Not-for-Profit Act in 2014, ARCA is composed of 27 members representing the 9 artist-run associations, each tasked with forming an electoral college of 3 members appointed during their respective members\u2019 annual meetings.<\/p>\n<h3><strong>Alberta Association<\/strong><\/h3>\n<p>The Alberta Association facilitates advocacy, networking, and development for artist-run centres in Alberta. Its activities aim to enhance awareness of artist-run culture within Alberta in order to provide more effective advocacy in the long term.&nbsp;<\/p>\n<h3><strong>Artist-Run Centres and Collectives of Ontario (ARCCO)<\/strong><\/h3>\n<p><span id=\"m_-5374332224780669965docs-internal-guid-597b7e92-7fff-2fc4-a201-b2898998e273\">Active since 1988, ARCCO represents over 40 artist-run centres and collectives across Ontario. In November 2008, ARCCO hosted the national conference for artist-run centres hot buttons \/ points chauds in Ottawa and in 2015, Artists at the Center: Moving from the Margins to Inclusion, in Toronto.&nbsp; <a href=\"http:\/\/www.arcco.net\/\" target=\"_blank\" rel=\"noopener\" data-saferedirecturl=\"https:\/\/www.google.com\/url?q=http:\/\/www.arcco.net&amp;source=gmail&amp;ust=1750166120273000&amp;usg=AOvVaw396zVErA5oqda8rO_IzJM3\">www.arcco.net<\/a><\/span><\/p>\n<h3><strong>L\u2019Association des groupes en arts visuels francophones (AGAVF)<\/strong><\/h3>\n<p>Active since 1998, AGAVF advocates for the interests of francophone groups and collectives, mostly artist-run centres, in linguistic minority situations. Its membership currently comprises centres and collectives in Nova Scotia, New-Brunswick, Ontario and Manitoba.&nbsp;<a href=\"http:\/\/www.agavf.ca\/\">http:\/\/www.agavf.ca\/<\/a><\/p>\n<h3><strong>Association of Artist-Run Centres from the Atlantic (AARCA aka Atlantis)<\/strong><\/h3>\n<p>Incorporated in 2005, AARCA represents a dozen artist-run centres in Newfoundland &amp; Labrador, New Brunswick, Nova Scotia and Prince Edward Island. Being spread over four provinces makes communication difficult, but the association is making good progress in establishing links with other arts advocacy groups to improve funding in the region.&nbsp;<a href=\"https:\/\/www.aarcatlantis.art\/\">https:\/\/www.aarcatlantis.art\/<\/a><\/p>\n<h3><strong>Indigenous Affiliates<\/strong><\/h3>\n<p>The Indigenous Affiliates is a non-geographical caucus. Its membership is a loose knit alliance of Indigenous-led artist-run organizations, predominantly artist collectives.<\/p>\n<h3><strong>Manitoba Artist-Run Centres Coalition (MARCC)<\/strong><\/h3>\n<p>MARCC is made up of Manitoba artist-run centres and other not-for-profit visual arts organizations.\u2028 MARCC\u2019s members promote the growth and development of artist-directed organizations engaged in contemporary visual and media arts. Members commit to meet regularly to share information, coordinate events, and work towards strengthening the visual arts in Winnipeg and Manitoba through advocacy, networking and public engagement.&nbsp;<a href=\"http:\/\/www.marcc.ca\/\"> www.marcc.ca<\/a><\/p>\n<h3><strong>Pacific Association of Artist-Run Centres (PAARC) <\/strong><\/h3>\n<p>British Columbia-based PAARC has been active since 1988, and, with limited financial means, has been able to advocate very efficiently for its members as well as raise the profile of artist-run activities within the province. PAARC now has a membership of nearly twenty centres, including the addition of new centres from Vancouver and the BC interior.&nbsp;<a href=\"http:\/\/www.paarc.ca\/\">http:\/\/www.paarc.ca\/<\/a><\/p>\n<h3><strong>Plains Association of Artist-Run Centres (PARCA) <\/strong><\/h3>\n<p>Saskatchewan-based PARCA represents eight centres located in Regina, Saskatoon and Prince Albert. Its chief mission is to advocate for the priorities of artist-run centres in the province and to facilitate communications and networking.&nbsp;<\/p>\n<h3><strong>Le Regroupement des centres d\u2019artistes autog\u00e9r\u00e9s du Qu\u00e9bec (RCAAQ)<\/strong><\/h3>\n<p>RCAAQ is the oldest and largest regional association, having celebrated its 25th anniversary in 2011 and boasting more than 72 members across Qu\u00e9bec. The organization is very active in promoting the interests of artist-run centres and in expanding its network internationally; the association offers a professional development program as well as services for the promotion of its members&#8217; and other partners&#8217; publications and is also an important partner in the Mouvement pour les arts et lettres (MAL) coalition to improve arts funding in Quebec and Canada.&nbsp;<a href=\"http:\/\/rcaaq.org\/\">http:\/\/rcaaq.org\/<\/a><\/p>\n<hr>\n<h2 id=\"partnerships\">Guidelines for partnerships between ARCA and its members<\/h2>\n<p>Collaborations and co-productions are defined as initiatives, including and not limited to conventions, conferences, workshops, symposiums, publications, whether in printed or digital form, or any other form of production, undertaken by one or more members of ARCA with financial or other forms of support approved of by ARCA\u2019s board of directors.<\/p>\n<p>Historically, ARCA has supported a practice of rotating proposals from regional associations who come forward on a voluntary basis to express interest in producing a conference (or other activity).<\/p>\n<p>Member artist-run associations are responsible for determining the internal process used to generate a topic and format for the activity (i.e. with the support of a programming committee, advisory board, curators etc.) so that it reflects the interests and needs of the wider artist-run community. Once mandated by their membership, the association submits a proposal (or call for topics) and a preliminary budget to the ARCA board for discussion and approval of sums to be allocated in support.<\/p>\n<p>In the event that more than one member express interest to engage in a partnership, the board will make great attempts to satisfy all requests, over time, and suggest an order of priority, in light of ARCA\u2019s stated objectives and action plan.<\/p>\n<h3>The Artist-Run Centres and Collectives Conference is a member of the following associations<\/h3>\n<ul>\n<li><a href=\"http:\/\/visualartsvisuels.ca\/\" target=\"_blank\" rel=\"noopener noreferrer\"><span style=\"color: #0000ff\"><span style=\"text-decoration: underline\">Visual Arts Alliance<\/span><\/span><\/a><\/li>\n<li><span style=\"color: #0000ff\"><span style=\"text-decoration: underline\"><a href=\"http:\/\/www.canadianartscoalition.ca\/\">Canadian Arts Coalition<\/a><\/span><\/span><\/li>\n<li><a href=\"https:\/\/cwc-coc.ca\/\"><span style=\"color: #0000ff\"><span style=\"text-decoration: underline\">Culture Works Canada<\/span><\/span><\/a><\/li>\n<\/ul>\n","protected":false},"excerpt":{"rendered":"<p>The Artist-Run Centres and Collectives Conference (ARCCC-CCCAA) is a Canadian organization that represents \u2013 by way of the nine artist-run centres&#8217; associations that form its membership \u2013 over 180 artist-run centres in the visual and media arts,&nbsp; contemporary craft and architecture and collectives in cities and towns across the country. Artist-run centres\u2019 associations &#8211; are <a href=\"https:\/\/www.arca.art\/en\/arca\/\" title=\"Read About us\">&raquo;&raquo;<\/a><\/p>\n","protected":false},"author":1,"featured_media":0,"parent":0,"menu_order":0,"comment_status":"open","ping_status":"closed","template":"","meta":{"ngg_post_thumbnail":0,"footnotes":""},"class_list":["post-8","page","type-page","status-publish","hentry"],"_links":{"self":[{"href":"https:\/\/www.arca.art\/en\/wp-json\/wp\/v2\/pages\/8","targetHints":{"allow":["GET"]}}],"collection":[{"href":"https:\/\/www.arca.art\/en\/wp-json\/wp\/v2\/pages"}],"about":[{"href":"https:\/\/www.arca.art\/en\/wp-json\/wp\/v2\/types\/page"}],"author":[{"embeddable":true,"href":"https:\/\/www.arca.art\/en\/wp-json\/wp\/v2\/users\/1"}],"replies":[{"embeddable":true,"href":"https:\/\/www.arca.art\/en\/wp-json\/wp\/v2\/comments?post=8"}],"version-history":[{"count":109,"href":"https:\/\/www.arca.art\/en\/wp-json\/wp\/v2\/pages\/8\/revisions"}],"predecessor-version":[{"id":3508,"href":"https:\/\/www.arca.art\/en\/wp-json\/wp\/v2\/pages\/8\/revisions\/3508"}],"wp:attachment":[{"href":"https:\/\/www.arca.art\/en\/wp-json\/wp\/v2\/media?parent=8"}],"curies":[{"name":"wp","href":"https:\/\/api.w.org\/{rel}","templated":true}]}}