{"id":3440,"date":"2025-11-24T21:38:34","date_gmt":"2025-11-24T21:38:34","guid":{"rendered":"https:\/\/www.arca.art\/en\/?page_id=3440"},"modified":"2026-01-29T18:39:30","modified_gmt":"2026-01-29T18:39:30","slug":"red-envelope-campaign","status":"publish","type":"page","link":"http:\/\/www.arca.art\/en\/red-envelope-campaign\/","title":{"rendered":"Red Envelope Campaign"},"content":{"rendered":"<p><img loading=\"lazy\" decoding=\"async\" class=\"alignnone size-full wp-image-3434\" src=\"http:\/\/www.arca.art\/en\/files\/ARCA-Red-Envelope-Campaign.png\" alt=\"\" width=\"1920\" height=\"1080\" srcset=\"http:\/\/www.arca.art\/en\/files\/ARCA-Red-Envelope-Campaign.png 1920w, http:\/\/www.arca.art\/en\/files\/ARCA-Red-Envelope-Campaign-300x169.png 300w, http:\/\/www.arca.art\/en\/files\/ARCA-Red-Envelope-Campaign-1024x576.png 1024w, http:\/\/www.arca.art\/en\/files\/ARCA-Red-Envelope-Campaign-150x84.png 150w, http:\/\/www.arca.art\/en\/files\/ARCA-Red-Envelope-Campaign-768x432.png 768w, http:\/\/www.arca.art\/en\/files\/ARCA-Red-Envelope-Campaign-1536x864.png 1536w\" sizes=\"auto, (max-width: 1920px) 100vw, 1920px\" \/><\/p>\n<h1><span style=\"font-weight: 400\">ARCA is launching a national advocacy campaign to move our sector from instability to growth following the recent announcement of the 2025 Federal budget.<\/span><\/h1>\n<h3><span style=\"font-weight: 400\">We commend the government on supporting the arts and implementing the new Artist\u2019s Resale Right as a vital step toward economic justice and artists&#8217; rights. <\/span><b>Minimal stability, however, is not growth or sustainability.<\/b><span style=\"font-weight: 400\"> Chronic underfunding strains the artist-led sector, limiting equitable artist compensation and the Canada Council for the Arts\u2019 (CCA) ability to fully execute its mandate.<\/span><\/h3>\n<blockquote>\n<h3><span style=\"font-weight: 400\">&#8220;<\/span><i><span style=\"font-weight: 400\">The average salary for staff within ARCs is radically below those of their peers in parallel sectors, and at times are below the poverty line. How can ARCs attract new generations of arts workers when they cannot even offer them a living wage?<\/span><\/i><span style=\"font-weight: 400\">&#8220;<\/span><\/h3>\n<h3><span style=\"font-weight: 400\">\u2014 Clayton Windatt, Executive Director, ARCA (Artist-Run Centres and Collectives Conference)<\/span><\/h3>\n<\/blockquote>\n<h3><b>We are urgently calling for a significant, permanent increase to the CCA\u2019s base budget, focused on three pillars:<\/b><\/h3>\n<ul>\n<li style=\"font-weight: 400\">\n<h3><b>Stabilizing artist-run centres:<\/b><span style=\"font-weight: 400\"> Secure operational funding to offer fair compensation to artists and staff as the research and development core of contemporary art.<\/span><\/h3>\n<\/li>\n<li style=\"font-weight: 400\">\n<h3><b>Accelerating Equity:<\/b><span style=\"font-weight: 400\"> Provide the necessary funding to fully resource historically under-represented groups and organizations (Indigenous, Black, Racialized, Deaf and disability, 2SLGBTQI+ artists).<\/span><\/h3>\n<\/li>\n<li style=\"font-weight: 400\">\n<h3><b>Strengthening Peer Assessment:<\/b><span style=\"font-weight: 400\"> Arts funding requires peer assessors that are subject matter experts holding knowledge critical to reviewing the applications in the arts.<\/span><\/h3>\n<\/li>\n<\/ul>\n<h3><span style=\"font-weight: 400\">Our strategy involves working with the Visual Arts Alliance and the Canadian Arts Coalition by focusing on MP engagement. <strong>We urge arts advocates and artist-run representatives to read and <a href=\"https:\/\/docs.google.com\/forms\/d\/e\/1FAIpQLSf4Km0iCIWQkjz1YEib6pbTNOdK0IHadr68fJtrQRST8C__iQ\/viewform?usp=header\" target=\"_blank\" rel=\"noopener\"><span style=\"text-decoration: underline\">sign the call to action letter<\/span><\/a> below to show their support for this crucial work.<\/strong><\/span><\/h3>\n<p>&nbsp;<\/p>\n<h1><b>Securing the Future of Canadian Contemporary Art: Urgent Call for Increased Investment in the Canada Council for the Arts (CCA) and Canada\u2019s unique network of artist-run Centres<\/b><\/h1>\n<h3><span style=\"font-weight: 400\">The Artist-Run Centres and Collectives Conference \/ La Conf\u00e9rence des collectifs et des centres d\u2019artistes autog\u00e9r\u00e9s (ARCA), representing critical cultural infrastructure across your region and the country, welcomes the continued commitment to arts and culture demonstrated in the Liberal government\u2019s 2025 Federal Budget. However, the $2 million annual increase in the CCA&#8217;s budget, representing barely 0.5% of its total budget, is considered largely inadequate. This contribution falls well short of the sector&#8217;s actual needs, estimated at $140 million by the Canadian Arts Coalition.&nbsp;<\/span><\/h3>\n<h3><span style=\"font-weight: 400\">We strongly affirm our solidarity with the Canadian Arts Coalition in applauding the decision to maintain baseline funding for the Canada Council for the Arts and the Department of Canadian Heritage. This budget rightly acknowledges the essential role that artists, independent curators, and the <\/span><b>artist-run centres (ARCs)<\/b><span style=\"font-weight: 400\"> that support them play in nurturing Canada\u2019s creative, social, and economic landscape. The importance of the arts in supporting Canada\u2019s&nbsp; unique identities across this great landmass has persevered in the face of &#8216;international pressures&#8217;. Creative cultural hubs across Canada, develop new and strong voices in our communities showing that arts funding is key to bolstering the country against potential threats to our sovereignty.<\/span><\/h3>\n<h3><span style=\"font-weight: 400\">ARCA celebrates the proposed introduction of an <\/span><b>Artist\u2019s Resale Right (ARR)<\/b><span style=\"font-weight: 400\">. This is a critical and long-overdue measure that recognizes the enduring value of visual artists&#8217; labour and intellectual property. The ARR represents a vital step toward cultural and economic justice, ensuring that artists\u2014many of whom have been supported early in their careers by ARCs\u2014benefit equitably from the future commercial success of their work.<\/span><\/h3>\n<h3><span style=\"font-weight: 400\">While we are encouraged by renewed investments in cultural programs such as the Canada Arts Presentation Fund and Building Communities through Arts and Heritage, these resources often fall short for many groups, as these funds <\/span><b>rarely support contemporary visual arts spaces<\/b><span style=\"font-weight: 400\">.<\/span><\/h3>\n<h2><b>THE ESSENTIAL CALL: FROM INSTABILITY TO GROWTH<\/b><\/h2>\n<h3><span style=\"font-weight: 400\">While we commend the commitment to funding stability, ARCA must underscore that <\/span><b>minimal stability is not growth or sustainability.<\/b><span style=\"font-weight: 400\"> Chronic underfunding strains the artist-led sector, limiting equitable artist compensation and the Canada Council for the Arts\u2019 (CCA) ability to fully execute its mandate.<\/span><\/h3>\n<h3><span style=\"font-weight: 400\">Therefore, ARCA is launching this <\/span><b>RED ENVELOPE National Advocacy Campaign<\/b><span style=\"font-weight: 400\"> to urgently call for a <\/span><b>significant, permanent increase<\/b><span style=\"font-weight: 400\"> to the Canada Council for the Arts\u2019 base budget. This investment must focus on three foundational pillars:<\/span><\/h3>\n<h2><b>1. Stabilizing Artist-Run Centres and Collectives (ARCs)<\/b><\/h2>\n<h3><span style=\"font-weight: 400\">ARCs operate as the non-profit &#8220;Research &amp; Development&#8221; branch of the contemporary arts sector. This vital infrastructure is currently operating with chronic under-resourcing, preventing a move toward a living wage for cultural workers. The scarcity of resources prevents ARCs from offering competitive and equitable wages. The average base salary for an Executive Director \/ General Manager at a small ARC (with an annual budget between $100,000 and $250,000) was reported to be approximately <\/span><b>$31,500<\/b><span style=\"font-weight: 400\">.<\/span><span style=\"font-weight: 400\">1<\/span><span style=\"font-weight: 400\">&nbsp; Increased funding is required to secure operational stability and offer fair compensation to artists, curators, and cultural workers.<\/span><\/h3>\n<h2><b>2. Accelerating Equity<\/b><\/h2>\n<h3><span style=\"font-weight: 400\">While the CCA has made great strides in prioritizing equity, the full potential of its mandate cannot be realized without a commensurate increase in the funding envelope. New investment must flow through the CCA to fully resource Indigenous, Black, Racialized, Deaf and disability, and 2SLGBTQI+ artists and organizations. Studies consistently show that racialized artists earn a median income from arts-related activities that is <\/span><b>significantly lower (by 20% or more)<\/b><span style=\"font-weight: 400\"> than that of their non-racialized counterparts, underscoring systemic economic inequity.<\/span><span style=\"font-weight: 400\">2<\/span><span style=\"font-weight: 400\">&nbsp; Dedicated CCA funding streams saw <\/span><b>$31.8 million<\/b><span style=\"font-weight: 400\"> allocated to Indigenous artists and organizations and <\/span><b>$33.7 million<\/b><span style=\"font-weight: 400\"> to racialized artists and organizations in the <\/span><b>2020-2021<\/b><span style=\"font-weight: 400\"> reporting period.<\/span><span style=\"font-weight: 400\">3<\/span><span style=\"font-weight: 400\">&nbsp; This progress must be supported by a larger envelope to achieve true proportional representation and drive cultural cohesion.<\/span><\/h3>\n<h2><b>3. Strengthening Peer Assessment<\/b><\/h2>\n<h3><span style=\"font-weight: 400\">The integrity and responsible governance of arts funding depend entirely on a robust system of peer assessment. Arts funding necessitates the selection of peer assessors who are highly qualified subject matter experts, possessing the critical knowledge and experience essential for evaluating applications. The inherent complexity of these applications underscores the need for discipline-specific adjudication and demands enhanced transparency regarding selection processes. We require expanded community consultation concerning the criteria for skills, regional diversity, and community representation in both the process and the final composition of jury members. Substantial increases in funding must be directed toward bolstering this essential democratic process, guaranteeing that assessors are adequately resourced and fairly compensated. This commitment will empower artists from a wide array of backgrounds, geographic locations, and diverse lived and inherent experiences to participate, thereby reflecting a healthy, comprehensive spectrum of Canada\u2019s many cultures and communities.<\/span><\/h3>\n<h2><b>CONCLUSION<\/b><\/h2>\n<h3><span style=\"font-weight: 400\">Artist-run centres are uniquely successful in Canada and have played an instrumental role in the career development of Canadian visual, media, performing, and publishing artists. These artists, in turn, have made Canada proud locally and internationally, reflecting our ideas, stories, and innovation. Much of this success is due to early investment in our centres by the Canada Council.&nbsp; As the national voice for the artist-run sector, ARCA remains committed to advocating for accountable and responsive funding frameworks that fully acknowledge and resource the unique, artist-led, non-profit models. We urge the government to view a significant investment in the Canada Council for the Arts not as an expense, but as a direct, high-impact investment in the creative economy and the diverse, innovative cultural identity of Canada.<\/span><\/h3>\n<p>Endnotes:<\/p>\n<ol>\n<li><b>2017 National Compensation Study<\/b><span style=\"font-weight: 400\">, conducted by the Cultural Human Resources Council (CHRC) and commissioned by the Canada Council for the Arts.&nbsp;<\/span><\/li>\n<li><b> Demographic Diversity of Artists in Canada in 2016<\/b><span style=\"font-weight: 400\"> (Data from the 2016 Census), published by Hill Strategies Research Inc.&nbsp;<\/span><\/li>\n<li><b> Departmental Results Report 2020\u201321<\/b><span style=\"font-weight: 400\">, published by Canadian Heritage (Includes Canada Council for the Arts Financial Summary).<\/span><\/li>\n<\/ol>\n<h3>SIGNATURES:&nbsp;<\/h3>\n<h4><b>Clayton Windatt<\/b><br \/>\n<span style=\"font-weight: 400\">Executive Director\u2502Artist-Run Centres and Collectives Conference \/ La Conf\u00e9rence des collectifs et des centres d\u2019artistes autog\u00e9r\u00e9s (ARCA)\u2502Sturgeon Falls, ON<\/span><\/h4>\n<h4><strong>Catherine Bodmer<\/strong><br \/>\n<span style=\"font-weight: 400\">Director\u2502Regroupement des centres d&#8217;artistes autog\u00e9r\u00e9s du Qu\u00e9bec (RCAAQ)<\/span><span style=\"font-weight: 400\">\u2502Montr\u00e9al, QC<\/span><\/h4>\n<h4><strong>Carina Phillips<\/strong><br \/>\nThis Town is Small<span style=\"font-weight: 400\">\u2502Charlottetown, PE<\/span><\/h4>\n<h4><strong>Winona Julian<\/strong><br \/>\nCo-Director<span style=\"font-weight: 400\">\u2502<\/span>The New Gallery<span style=\"font-weight: 400\">\u2502Calgary, AB<\/span><\/h4>\n<h4><strong>Cristina Wang<\/strong><br \/>\nCo-Director<span style=\"font-weight: 400\">\u2502<\/span>The New Gallery<span style=\"font-weight: 400\">\u2502Calgary, AB<\/span><\/h4>\n<h4><strong>Jasmine Hynes<\/strong><br \/>\nSystems Director<span style=\"font-weight: 400\">\u2502<\/span>The Bows<span style=\"font-weight: 400\">\u2502Calgary, AB<\/span><\/h4>\n<h4><strong>Alexa Bunnell<\/strong><br \/>\nProgram Manager and Curator<span style=\"font-weight: 400\">\u2502<\/span>TREX SW<span style=\"font-weight: 400\">\u2502Calgary, AB<\/span><\/h4>\n<h4><strong>Janira Moncayo<\/strong><br \/>\nProgramming Manager<span style=\"font-weight: 400\">\u2502<\/span>EMMEDIA Gallery &amp; Production Society<span style=\"font-weight: 400\">\u2502Calgary, AB<\/span><\/h4>\n<h4><strong>Catherine Arseneault<\/strong><br \/>\nDirector<span style=\"font-weight: 400\">\u2502<\/span>F Stop Studio<span style=\"font-weight: 400\">\u2502Moncton, NB<\/span><\/h4>\n<h4><strong>Jasmine Piper<\/strong><br \/>\nGrants Specialist<span style=\"font-weight: 400\">\u2502<\/span>Calgary Arts Development<span style=\"font-weight: 400\">\u2502Calgary, AB<\/span><\/h4>\n<h4><strong>V\u00e9ronique Leblanc<\/strong><br \/>\nCo-director\u2502Association des groupes en arts visuels francophones\u2502Ottawa, ON<\/h4>\n<h4><strong>Emma Hendrix<\/strong><br \/>\nExecutive Director\u2502VP Media Arts Centre\u2502Winnipeg, MB<\/h4>\n<h4><strong>Michelle Lacombe<\/strong><br \/>\nVIVA! Art Action\u2502Montreal\/Tiohti\u00e0:ke, QC<\/h4>\n<h4><strong>Tina Lam<\/strong><br \/>\nArtist\u2502Montreal, QC<\/h4>\n<h4><strong>Sinara Rozo<br \/>\n<\/strong>Southern Currents\u2502Toronto, ON<\/h4>\n<h4><strong>Laurianne Lalonde<\/strong><br \/>\nAGAC\u2502Montreal, QC<\/h4>\n<h4><strong>Kristina Corre<\/strong><br \/>\nAdministrative Director\u2502Gallery 101\u2502Ottawa, ON<\/h4>\n<h4><strong>Julie Hall<\/strong><br \/>\nCAFKA \u2013 Contemporary Art Forum Kitchener and Area\u2502Kitchener, ON<\/h4>\n<h4><strong>Maddi Andrews<\/strong><br \/>\nExecutive Director\u2502Modern Fuel Artist-Run Centre\u2502Kingston, ON<\/h4>\n<h4><strong>Shannon Lucky<\/strong><br \/>\nChair of the Board of Directors\u2502PAVED Arts\u2502Saskatoon, SK<\/h4>\n","protected":false},"excerpt":{"rendered":"<p>ARCA is launching a national advocacy campaign to move our sector from instability to growth following the recent announcement of the 2025 Federal budget. We commend the government on supporting the arts and implementing the new Artist\u2019s Resale Right as a vital step toward economic justice and artists&#8217; rights. Minimal stability, however, is not growth <a href=\"http:\/\/www.arca.art\/en\/red-envelope-campaign\/\" title=\"Read Red Envelope Campaign\">&raquo;&raquo;<\/a><\/p>\n","protected":false},"author":4,"featured_media":0,"parent":0,"menu_order":0,"comment_status":"closed","ping_status":"closed","template":"","meta":{"ngg_post_thumbnail":0,"footnotes":""},"class_list":["post-3440","page","type-page","status-publish","hentry"],"_links":{"self":[{"href":"http:\/\/www.arca.art\/en\/wp-json\/wp\/v2\/pages\/3440","targetHints":{"allow":["GET"]}}],"collection":[{"href":"http:\/\/www.arca.art\/en\/wp-json\/wp\/v2\/pages"}],"about":[{"href":"http:\/\/www.arca.art\/en\/wp-json\/wp\/v2\/types\/page"}],"author":[{"embeddable":true,"href":"http:\/\/www.arca.art\/en\/wp-json\/wp\/v2\/users\/4"}],"replies":[{"embeddable":true,"href":"http:\/\/www.arca.art\/en\/wp-json\/wp\/v2\/comments?post=3440"}],"version-history":[{"count":15,"href":"http:\/\/www.arca.art\/en\/wp-json\/wp\/v2\/pages\/3440\/revisions"}],"predecessor-version":[{"id":3504,"href":"http:\/\/www.arca.art\/en\/wp-json\/wp\/v2\/pages\/3440\/revisions\/3504"}],"wp:attachment":[{"href":"http:\/\/www.arca.art\/en\/wp-json\/wp\/v2\/media?parent=3440"}],"curies":[{"name":"wp","href":"https:\/\/api.w.org\/{rel}","templated":true}]}}